{"id":292,"date":"2023-09-20T15:33:55","date_gmt":"2023-09-20T15:33:55","guid":{"rendered":"https:\/\/prodei-sv.com\/?page_id=292"},"modified":"2023-09-20T15:40:13","modified_gmt":"2023-09-20T15:40:13","slug":"super-estructuras-pesadas","status":"publish","type":"page","link":"https:\/\/prodei-sv.com\/index.php\/productos\/super-estructuras-pesadas\/","title":{"rendered":"SUPER ESTRUCTURAS PESADAS"},"content":{"rendered":"\t\t<div data-elementor-type=\"wp-page\" data-elementor-id=\"292\" class=\"elementor elementor-292\">\n\t\t\t\t\t\t\t<div class=\"elementor-element elementor-element-9ac1a19 e-flex e-con-boxed e-con e-parent\" data-id=\"9ac1a19\" data-element_type=\"container\" data-settings=\"{&quot;content_width&quot;:&quot;boxed&quot;}\" data-core-v316-plus=\"true\">\n\t\t\t\t\t<div class=\"e-con-inner\">\n\t\t<div class=\"elementor-element elementor-element-b27ec20 e-con-full e-flex e-con e-child\" data-id=\"b27ec20\" data-element_type=\"container\" data-settings=\"{&quot;content_width&quot;:&quot;full&quot;}\">\n\t\t\t\t<div class=\"elementor-element elementor-element-48f911e elementor-widget elementor-widget-image\" data-id=\"48f911e\" data-element_type=\"widget\" data-widget_type=\"image.default\">\n\t\t\t\t<div class=\"elementor-widget-container\">\n\t\t\t<style>\/*! elementor - v3.16.0 - 13-09-2023 *\/\n.elementor-widget-image{text-align:center}.elementor-widget-image a{display:inline-block}.elementor-widget-image a img[src$=\".svg\"]{width:48px}.elementor-widget-image img{vertical-align:middle;display:inline-block}<\/style>\t\t\t\t\t\t\t\t\t\t\t\t<img loading=\"lazy\" decoding=\"async\" width=\"474\" height=\"474\" src=\"https:\/\/prodei-sv.com\/wp-content\/uploads\/2023\/09\/6.jpeg\" class=\"attachment-large size-large wp-image-298\" alt=\"\" srcset=\"https:\/\/prodei-sv.com\/wp-content\/uploads\/2023\/09\/6.jpeg 474w, https:\/\/prodei-sv.com\/wp-content\/uploads\/2023\/09\/6-300x300.jpeg 300w, https:\/\/prodei-sv.com\/wp-content\/uploads\/2023\/09\/6-150x150.jpeg 150w\" sizes=\"auto, 100vw\" \/>\t\t\t\t\t\t\t\t\t\t\t\t\t\t\t<\/div>\n\t\t\t\t<\/div>\n\t\t\t\t<\/div>\n\t\t<div class=\"elementor-element elementor-element-b793573 e-con-full e-flex e-con e-child\" data-id=\"b793573\" data-element_type=\"container\" data-settings=\"{&quot;content_width&quot;:&quot;full&quot;}\">\n\t\t\t\t<div class=\"elementor-element elementor-element-62b213e elementor-widget elementor-widget-heading\" data-id=\"62b213e\" data-element_type=\"widget\" data-widget_type=\"heading.default\">\n\t\t\t\t<div class=\"elementor-widget-container\">\n\t\t\t<style>\/*! elementor - v3.16.0 - 13-09-2023 *\/\n.elementor-heading-title{padding:0;margin:0;line-height:1}.elementor-widget-heading .elementor-heading-title[class*=elementor-size-]>a{color:inherit;font-size:inherit;line-height:inherit}.elementor-widget-heading .elementor-heading-title.elementor-size-small{font-size:15px}.elementor-widget-heading .elementor-heading-title.elementor-size-medium{font-size:19px}.elementor-widget-heading .elementor-heading-title.elementor-size-large{font-size:29px}.elementor-widget-heading .elementor-heading-title.elementor-size-xl{font-size:39px}.elementor-widget-heading .elementor-heading-title.elementor-size-xxl{font-size:59px}<\/style><h2 class=\"elementor-heading-title elementor-size-default\">ACERCA DEL PRODUCTO<\/h2>\t\t<\/div>\n\t\t\t\t<\/div>\n\t\t\t\t<div class=\"elementor-element elementor-element-bcd2a45 elementor-widget elementor-widget-text-editor\" data-id=\"bcd2a45\" data-element_type=\"widget\" data-widget_type=\"text-editor.default\">\n\t\t\t\t<div class=\"elementor-widget-container\">\n\t\t\t<style>\/*! elementor - v3.16.0 - 13-09-2023 *\/\n.elementor-widget-text-editor.elementor-drop-cap-view-stacked .elementor-drop-cap{background-color:#69727d;color:#fff}.elementor-widget-text-editor.elementor-drop-cap-view-framed .elementor-drop-cap{color:#69727d;border:3px solid;background-color:transparent}.elementor-widget-text-editor:not(.elementor-drop-cap-view-default) .elementor-drop-cap{margin-top:8px}.elementor-widget-text-editor:not(.elementor-drop-cap-view-default) .elementor-drop-cap-letter{width:1em;height:1em}.elementor-widget-text-editor .elementor-drop-cap{float:left;text-align:center;line-height:1;font-size:50px}.elementor-widget-text-editor .elementor-drop-cap-letter{display:inline-block}<\/style>\t\t\t\t<p>Superestructura met\u00e1lica completamente soldada en acero calidad ASTM A-572 G50 \/ ASTM A36 con conexiones apernadas.<\/p><p>La fabricaci\u00f3n de columnas, vigas y elementos met\u00e1licos ser\u00e1 efectuada y pre ensamblada en taller, en secciones manejables de acuerdo a las especificaciones t\u00e9cnicas indicadas en los planos estructurales, planos de ingenier\u00eda de detalle y planos de taller, de manera que permitan un transporte seguro, adem\u00e1s los ensambles y las partes que lo conforman deben probarse en taller para comprobar el ajuste correcto para las placas y perfiles que forman las vigas armadas tipo \u201cI\u201d, columnas y placas de apoyo. Cada elemento estructural ser\u00e1 conformado por planchas de acero laminadas en caliente ASTM-A572 G50 \/ ASTM A36.<\/p><p>El acero es el resultado de varios elementos aleados, los cuales deben cumplir normas de calidad o grado de acero como la AISI, AISC, ASTM y UNS, que establecen valores m\u00ednimos o m\u00e1ximos para cada tipo de elemento, estos elementos se agregan para obtener unas caracter\u00edsticas determinadas como templabilidad, estos perfiles de acero son de acero ASTM -50, denominado as\u00ed por la AMERICAN SOCIETY FOR TESTING AND MATERIALS), que son una aleaci\u00f3n de acero al carbono de prop\u00f3sito general, muy com\u00fanmente usado en los Estados Unidos por su mayor resistencia y que son para uso de Edificaciones denominadas de mayor importancia.<\/p><p>El objetivo es el disponer de una estructura de columnas, vigas principales, vigas secundarias, vigas terciarias, losas de entrepiso o similares, elaboradas en perfiles estructurales, conformados en frio a partir de tool doblado, y que consistir\u00e1 en la provisi\u00f3n, fabricaci\u00f3n y montaje de dicha estructura, seg\u00fan planos y especificaciones del proyecto y por indicaciones de fiscalizaci\u00f3n.<\/p>\t\t\t\t\t\t<\/div>\n\t\t\t\t<\/div>\n\t\t\t\t<\/div>\n\t\t\t\t\t<\/div>\n\t\t\t\t<\/div>\n\t\t\t\t\t\t\t<\/div>\n\t\t","protected":false},"excerpt":{"rendered":"<p>ACERCA DEL PRODUCTO Superestructura met\u00e1lica completamente soldada en acero calidad ASTM A-572 G50 \/ ASTM A36 con conexiones apernadas. La fabricaci\u00f3n de columnas, vigas y elementos met\u00e1licos ser\u00e1 efectuada y pre ensamblada en taller, en secciones manejables de acuerdo a las especificaciones t\u00e9cnicas indicadas en los planos estructurales, planos de ingenier\u00eda de detalle y planos &hellip; <\/p>\n<p class=\"link-more\"><a href=\"https:\/\/prodei-sv.com\/index.php\/productos\/super-estructuras-pesadas\/\" class=\"more-link\">Read more<span class=\"screen-reader-text\"> &#8220;SUPER ESTRUCTURAS PESADAS&#8221;<\/span><\/a><\/p>\n","protected":false},"author":1,"featured_media":0,"parent":215,"menu_order":0,"comment_status":"closed","ping_status":"closed","template":"","meta":{"footnotes":""},"class_list":["post-292","page","type-page","status-publish","hentry"],"_links":{"self":[{"href":"https:\/\/prodei-sv.com\/index.php\/wp-json\/wp\/v2\/pages\/292","targetHints":{"allow":["GET"]}}],"collection":[{"href":"https:\/\/prodei-sv.com\/index.php\/wp-json\/wp\/v2\/pages"}],"about":[{"href":"https:\/\/prodei-sv.com\/index.php\/wp-json\/wp\/v2\/types\/page"}],"author":[{"embeddable":true,"href":"https:\/\/prodei-sv.com\/index.php\/wp-json\/wp\/v2\/users\/1"}],"replies":[{"embeddable":true,"href":"https:\/\/prodei-sv.com\/index.php\/wp-json\/wp\/v2\/comments?post=292"}],"version-history":[{"count":10,"href":"https:\/\/prodei-sv.com\/index.php\/wp-json\/wp\/v2\/pages\/292\/revisions"}],"predecessor-version":[{"id":304,"href":"https:\/\/prodei-sv.com\/index.php\/wp-json\/wp\/v2\/pages\/292\/revisions\/304"}],"up":[{"embeddable":true,"href":"https:\/\/prodei-sv.com\/index.php\/wp-json\/wp\/v2\/pages\/215"}],"wp:attachment":[{"href":"https:\/\/prodei-sv.com\/index.php\/wp-json\/wp\/v2\/media?parent=292"}],"curies":[{"name":"wp","href":"https:\/\/api.w.org\/{rel}","templated":true}]}}