{"id":280,"date":"2023-09-20T15:22:30","date_gmt":"2023-09-20T15:22:30","guid":{"rendered":"https:\/\/prodei-sv.com\/?page_id=280"},"modified":"2023-09-20T15:32:22","modified_gmt":"2023-09-20T15:32:22","slug":"pre-engineering-buildings","status":"publish","type":"page","link":"https:\/\/prodei-sv.com\/index.php\/productos\/pre-engineering-buildings\/","title":{"rendered":"PRE ENGINEERING BUILDINGS"},"content":{"rendered":"\t\t<div data-elementor-type=\"wp-page\" data-elementor-id=\"280\" class=\"elementor elementor-280\">\n\t\t\t\t\t\t\t<div class=\"elementor-element elementor-element-3b648fd e-flex e-con-boxed e-con e-parent\" data-id=\"3b648fd\" data-element_type=\"container\" data-settings=\"{&quot;content_width&quot;:&quot;boxed&quot;}\" data-core-v316-plus=\"true\">\n\t\t\t\t\t<div class=\"e-con-inner\">\n\t\t<div class=\"elementor-element elementor-element-3ed2c55 e-con-full e-flex e-con e-child\" data-id=\"3ed2c55\" data-element_type=\"container\" data-settings=\"{&quot;content_width&quot;:&quot;full&quot;}\">\n\t\t\t\t<div class=\"elementor-element elementor-element-ee5d895 elementor-widget elementor-widget-image\" data-id=\"ee5d895\" data-element_type=\"widget\" data-widget_type=\"image.default\">\n\t\t\t\t<div class=\"elementor-widget-container\">\n\t\t\t<style>\/*! elementor - v3.16.0 - 13-09-2023 *\/\n.elementor-widget-image{text-align:center}.elementor-widget-image a{display:inline-block}.elementor-widget-image a img[src$=\".svg\"]{width:48px}.elementor-widget-image img{vertical-align:middle;display:inline-block}<\/style>\t\t\t\t\t\t\t\t\t\t\t\t<img loading=\"lazy\" decoding=\"async\" width=\"950\" height=\"634\" src=\"https:\/\/prodei-sv.com\/wp-content\/uploads\/2023\/09\/5-1024x683.jpg\" class=\"attachment-large size-large wp-image-282\" alt=\"\" srcset=\"https:\/\/prodei-sv.com\/wp-content\/uploads\/2023\/09\/5-1024x683.jpg 1024w, https:\/\/prodei-sv.com\/wp-content\/uploads\/2023\/09\/5-300x200.jpg 300w, https:\/\/prodei-sv.com\/wp-content\/uploads\/2023\/09\/5-768x512.jpg 768w, https:\/\/prodei-sv.com\/wp-content\/uploads\/2023\/09\/5-1536x1024.jpg 1536w, https:\/\/prodei-sv.com\/wp-content\/uploads\/2023\/09\/5-2048x1365.jpg 2048w, https:\/\/prodei-sv.com\/wp-content\/uploads\/2023\/09\/5-2000x1333.jpg 2000w\" sizes=\"auto, 100vw\" \/>\t\t\t\t\t\t\t\t\t\t\t\t\t\t\t<\/div>\n\t\t\t\t<\/div>\n\t\t\t\t<\/div>\n\t\t<div class=\"elementor-element elementor-element-2acc358 e-con-full e-flex e-con e-child\" data-id=\"2acc358\" data-element_type=\"container\" data-settings=\"{&quot;content_width&quot;:&quot;full&quot;}\">\n\t\t\t\t<div class=\"elementor-element elementor-element-61b1171 elementor-widget elementor-widget-heading\" data-id=\"61b1171\" data-element_type=\"widget\" data-widget_type=\"heading.default\">\n\t\t\t\t<div class=\"elementor-widget-container\">\n\t\t\t<style>\/*! elementor - v3.16.0 - 13-09-2023 *\/\n.elementor-heading-title{padding:0;margin:0;line-height:1}.elementor-widget-heading .elementor-heading-title[class*=elementor-size-]>a{color:inherit;font-size:inherit;line-height:inherit}.elementor-widget-heading .elementor-heading-title.elementor-size-small{font-size:15px}.elementor-widget-heading .elementor-heading-title.elementor-size-medium{font-size:19px}.elementor-widget-heading .elementor-heading-title.elementor-size-large{font-size:29px}.elementor-widget-heading .elementor-heading-title.elementor-size-xl{font-size:39px}.elementor-widget-heading .elementor-heading-title.elementor-size-xxl{font-size:59px}<\/style><h2 class=\"elementor-heading-title elementor-size-default\">ACERCA DEL PRODUCTO<\/h2>\t\t<\/div>\n\t\t\t\t<\/div>\n\t\t\t\t<div class=\"elementor-element elementor-element-39abe83 elementor-widget elementor-widget-text-editor\" data-id=\"39abe83\" data-element_type=\"widget\" data-widget_type=\"text-editor.default\">\n\t\t\t\t<div class=\"elementor-widget-container\">\n\t\t\t<style>\/*! elementor - v3.16.0 - 13-09-2023 *\/\n.elementor-widget-text-editor.elementor-drop-cap-view-stacked .elementor-drop-cap{background-color:#69727d;color:#fff}.elementor-widget-text-editor.elementor-drop-cap-view-framed .elementor-drop-cap{color:#69727d;border:3px solid;background-color:transparent}.elementor-widget-text-editor:not(.elementor-drop-cap-view-default) .elementor-drop-cap{margin-top:8px}.elementor-widget-text-editor:not(.elementor-drop-cap-view-default) .elementor-drop-cap-letter{width:1em;height:1em}.elementor-widget-text-editor .elementor-drop-cap{float:left;text-align:center;line-height:1;font-size:50px}.elementor-widget-text-editor .elementor-drop-cap-letter{display:inline-block}<\/style>\t\t\t\t<p>Nuestra empresa busca estar en la vanguardia del sector de la construcci\u00f3n, es por ello que cuenta con excelente grupo t\u00e9cnico profesional y los mejores software dedicado al trabajo de ingenier\u00eda estructural es por ellos que nos basamos en un sistema \u00a0<strong>PRE ENGINEERING BUILDING\u00a0<\/strong>(<strong>PEB<\/strong>), tanto en dise\u00f1o como en fabricaci\u00f3n para as\u00ed poder brindar un mejor servicio al cliente de forma innovadora y segura, utilizando el mejor inventario adecuado de materias primas disponibles de todas las fuentes y m\u00e9todos de fabricaci\u00f3n que puedan satisfacer de manera eficiente una amplia gama de estructurales y est\u00e9ticas.<\/p>\t\t\t\t\t\t<\/div>\n\t\t\t\t<\/div>\n\t\t\t\t<\/div>\n\t\t\t\t\t<\/div>\n\t\t\t\t<\/div>\n\t\t\t\t\t\t\t<\/div>\n\t\t","protected":false},"excerpt":{"rendered":"<p>ACERCA DEL PRODUCTO Nuestra empresa busca estar en la vanguardia del sector de la construcci\u00f3n, es por ello que cuenta con excelente grupo t\u00e9cnico profesional y los mejores software dedicado al trabajo de ingenier\u00eda estructural es por ellos que nos basamos en un sistema \u00a0PRE ENGINEERING BUILDING\u00a0(PEB), tanto en dise\u00f1o como en fabricaci\u00f3n para as\u00ed &hellip; <\/p>\n<p class=\"link-more\"><a href=\"https:\/\/prodei-sv.com\/index.php\/productos\/pre-engineering-buildings\/\" class=\"more-link\">Read more<span class=\"screen-reader-text\"> &#8220;PRE ENGINEERING BUILDINGS&#8221;<\/span><\/a><\/p>\n","protected":false},"author":1,"featured_media":0,"parent":215,"menu_order":0,"comment_status":"closed","ping_status":"closed","template":"","meta":{"footnotes":""},"class_list":["post-280","page","type-page","status-publish","hentry"],"_links":{"self":[{"href":"https:\/\/prodei-sv.com\/index.php\/wp-json\/wp\/v2\/pages\/280","targetHints":{"allow":["GET"]}}],"collection":[{"href":"https:\/\/prodei-sv.com\/index.php\/wp-json\/wp\/v2\/pages"}],"about":[{"href":"https:\/\/prodei-sv.com\/index.php\/wp-json\/wp\/v2\/types\/page"}],"author":[{"embeddable":true,"href":"https:\/\/prodei-sv.com\/index.php\/wp-json\/wp\/v2\/users\/1"}],"replies":[{"embeddable":true,"href":"https:\/\/prodei-sv.com\/index.php\/wp-json\/wp\/v2\/comments?post=280"}],"version-history":[{"count":7,"href":"https:\/\/prodei-sv.com\/index.php\/wp-json\/wp\/v2\/pages\/280\/revisions"}],"predecessor-version":[{"id":291,"href":"https:\/\/prodei-sv.com\/index.php\/wp-json\/wp\/v2\/pages\/280\/revisions\/291"}],"up":[{"embeddable":true,"href":"https:\/\/prodei-sv.com\/index.php\/wp-json\/wp\/v2\/pages\/215"}],"wp:attachment":[{"href":"https:\/\/prodei-sv.com\/index.php\/wp-json\/wp\/v2\/media?parent=280"}],"curies":[{"name":"wp","href":"https:\/\/api.w.org\/{rel}","templated":true}]}}