{"id":253,"date":"2023-09-20T14:30:47","date_gmt":"2023-09-20T14:30:47","guid":{"rendered":"https:\/\/prodei-sv.com\/?page_id=253"},"modified":"2023-09-20T14:31:41","modified_gmt":"2023-09-20T14:31:41","slug":"composite-deck","status":"publish","type":"page","link":"https:\/\/prodei-sv.com\/index.php\/productos\/composite-deck\/","title":{"rendered":"COMPOSITE DECK"},"content":{"rendered":"\t\t<div data-elementor-type=\"wp-page\" data-elementor-id=\"253\" class=\"elementor elementor-253\">\n\t\t\t\t\t\t\t<div class=\"elementor-element elementor-element-da4b2cb e-flex e-con-boxed e-con e-parent\" data-id=\"da4b2cb\" data-element_type=\"container\" data-settings=\"{&quot;content_width&quot;:&quot;boxed&quot;}\" data-core-v316-plus=\"true\">\n\t\t\t\t\t<div class=\"e-con-inner\">\n\t\t<div class=\"elementor-element elementor-element-63ed70e e-flex e-con-boxed e-con e-child\" data-id=\"63ed70e\" data-element_type=\"container\" data-settings=\"{&quot;content_width&quot;:&quot;boxed&quot;}\">\n\t\t\t\t\t<div class=\"e-con-inner\">\n\t\t\t\t<div class=\"elementor-element elementor-element-c3443ad elementor-widget elementor-widget-image\" data-id=\"c3443ad\" data-element_type=\"widget\" data-widget_type=\"image.default\">\n\t\t\t\t<div class=\"elementor-widget-container\">\n\t\t\t<style>\/*! elementor - v3.16.0 - 13-09-2023 *\/\n.elementor-widget-image{text-align:center}.elementor-widget-image a{display:inline-block}.elementor-widget-image a img[src$=\".svg\"]{width:48px}.elementor-widget-image img{vertical-align:middle;display:inline-block}<\/style>\t\t\t\t\t\t\t\t\t\t\t\t<img loading=\"lazy\" decoding=\"async\" width=\"950\" height=\"454\" src=\"https:\/\/prodei-sv.com\/wp-content\/uploads\/2023\/09\/2.jpg\" class=\"attachment-large size-large wp-image-255\" alt=\"\" srcset=\"https:\/\/prodei-sv.com\/wp-content\/uploads\/2023\/09\/2.jpg 1024w, https:\/\/prodei-sv.com\/wp-content\/uploads\/2023\/09\/2-300x143.jpg 300w, https:\/\/prodei-sv.com\/wp-content\/uploads\/2023\/09\/2-768x367.jpg 768w\" sizes=\"auto, 100vw\" \/>\t\t\t\t\t\t\t\t\t\t\t\t\t\t\t<\/div>\n\t\t\t\t<\/div>\n\t\t\t\t\t<\/div>\n\t\t\t\t<\/div>\n\t\t<div class=\"elementor-element elementor-element-2ffe6f4 e-con-full e-flex e-con e-child\" data-id=\"2ffe6f4\" data-element_type=\"container\" data-settings=\"{&quot;content_width&quot;:&quot;full&quot;}\">\n\t\t\t\t<div class=\"elementor-element elementor-element-990f1de elementor-widget elementor-widget-heading\" data-id=\"990f1de\" data-element_type=\"widget\" data-widget_type=\"heading.default\">\n\t\t\t\t<div class=\"elementor-widget-container\">\n\t\t\t<style>\/*! elementor - v3.16.0 - 13-09-2023 *\/\n.elementor-heading-title{padding:0;margin:0;line-height:1}.elementor-widget-heading .elementor-heading-title[class*=elementor-size-]>a{color:inherit;font-size:inherit;line-height:inherit}.elementor-widget-heading .elementor-heading-title.elementor-size-small{font-size:15px}.elementor-widget-heading .elementor-heading-title.elementor-size-medium{font-size:19px}.elementor-widget-heading .elementor-heading-title.elementor-size-large{font-size:29px}.elementor-widget-heading .elementor-heading-title.elementor-size-xl{font-size:39px}.elementor-widget-heading .elementor-heading-title.elementor-size-xxl{font-size:59px}<\/style><h2 class=\"elementor-heading-title elementor-size-default\">ACERCA DEL PRODUCTO<\/h2>\t\t<\/div>\n\t\t\t\t<\/div>\n\t\t\t\t<div class=\"elementor-element elementor-element-c32784e elementor-widget elementor-widget-text-editor\" data-id=\"c32784e\" data-element_type=\"widget\" data-widget_type=\"text-editor.default\">\n\t\t\t\t<div class=\"elementor-widget-container\">\n\t\t\t<style>\/*! elementor - v3.16.0 - 13-09-2023 *\/\n.elementor-widget-text-editor.elementor-drop-cap-view-stacked .elementor-drop-cap{background-color:#69727d;color:#fff}.elementor-widget-text-editor.elementor-drop-cap-view-framed .elementor-drop-cap{color:#69727d;border:3px solid;background-color:transparent}.elementor-widget-text-editor:not(.elementor-drop-cap-view-default) .elementor-drop-cap{margin-top:8px}.elementor-widget-text-editor:not(.elementor-drop-cap-view-default) .elementor-drop-cap-letter{width:1em;height:1em}.elementor-widget-text-editor .elementor-drop-cap{float:left;text-align:center;line-height:1;font-size:50px}.elementor-widget-text-editor .elementor-drop-cap-letter{display:inline-block}<\/style>\t\t\t\t<h3><span style=\"color: var( --e-global-color-text ); font-family: var( --e-global-typography-text-font-family ), Sans-serif; font-weight: var( --e-global-typography-text-font-weight ); text-align: var(--text-align); font-size: 16px;\">El sistema de entrepiso MetalDeck de SATEC, consiste en una l\u00e1mina de acero estructural galvanizada, dise\u00f1ada para soportar el peso del vaciado de una losa de concreto, que en conjunto conformar\u00e1n la losa estructural capaz de resistir diferentes cargas seg\u00fan sus caracter\u00edsticas debido a su proceso constructivo.<\/span><\/h3><p><span lang=\"ES-EC\">El sistema MetalDeck de SATEC, se adapta f\u00e1cilmente a todo tipo de estructuras, permitiendo adem\u00e1s un acabado agradable y moderno que deja expuesta las l\u00e1minas galvanizadas, las cuales hacen las veces de acero de refuerzo positivo durante la etapa de servicio de la losa.<\/span><\/p>\t\t\t\t\t\t<\/div>\n\t\t\t\t<\/div>\n\t\t\t\t<\/div>\n\t\t\t\t\t<\/div>\n\t\t\t\t<\/div>\n\t\t\t\t\t\t\t<\/div>\n\t\t","protected":false},"excerpt":{"rendered":"<p>ACERCA DEL PRODUCTO El sistema de entrepiso MetalDeck de SATEC, consiste en una l\u00e1mina de acero estructural galvanizada, dise\u00f1ada para soportar el peso del vaciado de una losa de concreto, que en conjunto conformar\u00e1n la losa estructural capaz de resistir diferentes cargas seg\u00fan sus caracter\u00edsticas debido a su proceso constructivo. El sistema MetalDeck de SATEC, &hellip; <\/p>\n<p class=\"link-more\"><a href=\"https:\/\/prodei-sv.com\/index.php\/productos\/composite-deck\/\" class=\"more-link\">Read more<span class=\"screen-reader-text\"> &#8220;COMPOSITE DECK&#8221;<\/span><\/a><\/p>\n","protected":false},"author":1,"featured_media":0,"parent":215,"menu_order":0,"comment_status":"closed","ping_status":"closed","template":"","meta":{"footnotes":""},"class_list":["post-253","page","type-page","status-publish","hentry"],"_links":{"self":[{"href":"https:\/\/prodei-sv.com\/index.php\/wp-json\/wp\/v2\/pages\/253","targetHints":{"allow":["GET"]}}],"collection":[{"href":"https:\/\/prodei-sv.com\/index.php\/wp-json\/wp\/v2\/pages"}],"about":[{"href":"https:\/\/prodei-sv.com\/index.php\/wp-json\/wp\/v2\/types\/page"}],"author":[{"embeddable":true,"href":"https:\/\/prodei-sv.com\/index.php\/wp-json\/wp\/v2\/users\/1"}],"replies":[{"embeddable":true,"href":"https:\/\/prodei-sv.com\/index.php\/wp-json\/wp\/v2\/comments?post=253"}],"version-history":[{"count":4,"href":"https:\/\/prodei-sv.com\/index.php\/wp-json\/wp\/v2\/pages\/253\/revisions"}],"predecessor-version":[{"id":258,"href":"https:\/\/prodei-sv.com\/index.php\/wp-json\/wp\/v2\/pages\/253\/revisions\/258"}],"up":[{"embeddable":true,"href":"https:\/\/prodei-sv.com\/index.php\/wp-json\/wp\/v2\/pages\/215"}],"wp:attachment":[{"href":"https:\/\/prodei-sv.com\/index.php\/wp-json\/wp\/v2\/media?parent=253"}],"curies":[{"name":"wp","href":"https:\/\/api.w.org\/{rel}","templated":true}]}}