{"id":236,"date":"2023-09-20T14:06:58","date_gmt":"2023-09-20T14:06:58","guid":{"rendered":"https:\/\/prodei-sv.com\/?page_id=236"},"modified":"2023-09-20T14:19:21","modified_gmt":"2023-09-20T14:19:21","slug":"estructuras-livianas","status":"publish","type":"page","link":"https:\/\/prodei-sv.com\/index.php\/productos\/estructuras-livianas\/","title":{"rendered":"ESTRUCTURAS LIVIANAS"},"content":{"rendered":"\t\t<div data-elementor-type=\"wp-page\" data-elementor-id=\"236\" class=\"elementor elementor-236\">\n\t\t\t\t\t\t\t<div class=\"elementor-element elementor-element-6d49c0a e-flex e-con-boxed e-con e-parent\" data-id=\"6d49c0a\" data-element_type=\"container\" data-settings=\"{&quot;content_width&quot;:&quot;boxed&quot;}\" data-core-v316-plus=\"true\">\n\t\t\t\t\t<div class=\"e-con-inner\">\n\t\t<div class=\"elementor-element elementor-element-fc6ee53 e-con-full e-flex e-con e-child\" data-id=\"fc6ee53\" data-element_type=\"container\" data-settings=\"{&quot;content_width&quot;:&quot;full&quot;}\">\n\t\t\t\t<div class=\"elementor-element elementor-element-09e025c elementor-widget elementor-widget-image\" data-id=\"09e025c\" data-element_type=\"widget\" data-widget_type=\"image.default\">\n\t\t\t\t<div class=\"elementor-widget-container\">\n\t\t\t<style>\/*! elementor - v3.16.0 - 13-09-2023 *\/\n.elementor-widget-image{text-align:center}.elementor-widget-image a{display:inline-block}.elementor-widget-image a img[src$=\".svg\"]{width:48px}.elementor-widget-image img{vertical-align:middle;display:inline-block}<\/style>\t\t\t\t\t\t\t\t\t\t\t\t<img loading=\"lazy\" decoding=\"async\" width=\"950\" height=\"533\" src=\"https:\/\/prodei-sv.com\/wp-content\/uploads\/2023\/09\/1-1024x574.jpeg\" class=\"attachment-large size-large wp-image-238\" alt=\"\" srcset=\"https:\/\/prodei-sv.com\/wp-content\/uploads\/2023\/09\/1-1024x574.jpeg 1024w, https:\/\/prodei-sv.com\/wp-content\/uploads\/2023\/09\/1-300x168.jpeg 300w, https:\/\/prodei-sv.com\/wp-content\/uploads\/2023\/09\/1-768x431.jpeg 768w, https:\/\/prodei-sv.com\/wp-content\/uploads\/2023\/09\/1.jpeg 1065w\" sizes=\"auto, 100vw\" \/>\t\t\t\t\t\t\t\t\t\t\t\t\t\t\t<\/div>\n\t\t\t\t<\/div>\n\t\t\t\t<\/div>\n\t\t<div class=\"elementor-element elementor-element-8370fe7 e-con-full e-flex e-con e-child\" data-id=\"8370fe7\" data-element_type=\"container\" data-settings=\"{&quot;content_width&quot;:&quot;full&quot;}\">\n\t\t\t\t<div class=\"elementor-element elementor-element-56c0b95 elementor-widget elementor-widget-heading\" data-id=\"56c0b95\" data-element_type=\"widget\" data-widget_type=\"heading.default\">\n\t\t\t\t<div class=\"elementor-widget-container\">\n\t\t\t<style>\/*! elementor - v3.16.0 - 13-09-2023 *\/\n.elementor-heading-title{padding:0;margin:0;line-height:1}.elementor-widget-heading .elementor-heading-title[class*=elementor-size-]>a{color:inherit;font-size:inherit;line-height:inherit}.elementor-widget-heading .elementor-heading-title.elementor-size-small{font-size:15px}.elementor-widget-heading .elementor-heading-title.elementor-size-medium{font-size:19px}.elementor-widget-heading .elementor-heading-title.elementor-size-large{font-size:29px}.elementor-widget-heading .elementor-heading-title.elementor-size-xl{font-size:39px}.elementor-widget-heading .elementor-heading-title.elementor-size-xxl{font-size:59px}<\/style><h2 class=\"elementor-heading-title elementor-size-default\">ACERCA DEL PRODUCTO<\/h2>\t\t<\/div>\n\t\t\t\t<\/div>\n\t\t\t\t<div class=\"elementor-element elementor-element-acc05d3 elementor-widget elementor-widget-text-editor\" data-id=\"acc05d3\" data-element_type=\"widget\" data-widget_type=\"text-editor.default\">\n\t\t\t\t<div class=\"elementor-widget-container\">\n\t\t\t<style>\/*! elementor - v3.16.0 - 13-09-2023 *\/\n.elementor-widget-text-editor.elementor-drop-cap-view-stacked .elementor-drop-cap{background-color:#69727d;color:#fff}.elementor-widget-text-editor.elementor-drop-cap-view-framed .elementor-drop-cap{color:#69727d;border:3px solid;background-color:transparent}.elementor-widget-text-editor:not(.elementor-drop-cap-view-default) .elementor-drop-cap{margin-top:8px}.elementor-widget-text-editor:not(.elementor-drop-cap-view-default) .elementor-drop-cap-letter{width:1em;height:1em}.elementor-widget-text-editor .elementor-drop-cap{float:left;text-align:center;line-height:1;font-size:50px}.elementor-widget-text-editor .elementor-drop-cap-letter{display:inline-block}<\/style>\t\t\t\t<p>Se considera una ESTRUCTURA LIVIANA aquellas compuesta por vigas y columnas en perfiles IPR o perfiles laminados con conexiones de momento (moment conections) con pernos de tensi\u00f3n controlada (tensi\u00f3n control bolts).<\/p><p><strong>Como estructuras livianas:<\/strong><\/p><ul><li>Galpones<\/li><li>Marco r\u00edgido USA<\/li><li>Naves industriales<\/li><li>Estructura alma abierta<\/li><li>Joist<\/li><li>Steel frame<\/li><li>Tubest<\/li><li>Cerchas<\/li><li>Steel framing<\/li><\/ul>\t\t\t\t\t\t<\/div>\n\t\t\t\t<\/div>\n\t\t\t\t<\/div>\n\t\t\t\t\t<\/div>\n\t\t\t\t<\/div>\n\t\t\t\t\t\t\t<\/div>\n\t\t","protected":false},"excerpt":{"rendered":"<p>ACERCA DEL PRODUCTO Se considera una ESTRUCTURA LIVIANA aquellas compuesta por vigas y columnas en perfiles IPR o perfiles laminados con conexiones de momento (moment conections) con pernos de tensi\u00f3n controlada (tensi\u00f3n control bolts). Como estructuras livianas: Galpones Marco r\u00edgido USA Naves industriales Estructura alma abierta Joist Steel frame Tubest Cerchas Steel framing<\/p>\n","protected":false},"author":1,"featured_media":0,"parent":215,"menu_order":0,"comment_status":"closed","ping_status":"closed","template":"","meta":{"footnotes":""},"class_list":["post-236","page","type-page","status-publish","hentry"],"_links":{"self":[{"href":"https:\/\/prodei-sv.com\/index.php\/wp-json\/wp\/v2\/pages\/236","targetHints":{"allow":["GET"]}}],"collection":[{"href":"https:\/\/prodei-sv.com\/index.php\/wp-json\/wp\/v2\/pages"}],"about":[{"href":"https:\/\/prodei-sv.com\/index.php\/wp-json\/wp\/v2\/types\/page"}],"author":[{"embeddable":true,"href":"https:\/\/prodei-sv.com\/index.php\/wp-json\/wp\/v2\/users\/1"}],"replies":[{"embeddable":true,"href":"https:\/\/prodei-sv.com\/index.php\/wp-json\/wp\/v2\/comments?post=236"}],"version-history":[{"count":10,"href":"https:\/\/prodei-sv.com\/index.php\/wp-json\/wp\/v2\/pages\/236\/revisions"}],"predecessor-version":[{"id":247,"href":"https:\/\/prodei-sv.com\/index.php\/wp-json\/wp\/v2\/pages\/236\/revisions\/247"}],"up":[{"embeddable":true,"href":"https:\/\/prodei-sv.com\/index.php\/wp-json\/wp\/v2\/pages\/215"}],"wp:attachment":[{"href":"https:\/\/prodei-sv.com\/index.php\/wp-json\/wp\/v2\/media?parent=236"}],"curies":[{"name":"wp","href":"https:\/\/api.w.org\/{rel}","templated":true}]}}